{"id":66,"date":"2012-08-30T18:40:27","date_gmt":"2012-08-30T16:40:27","guid":{"rendered":"http:\/\/www.zigitup.com\/dev\/colo\/?page_id=66"},"modified":"2024-11-18T15:33:08","modified_gmt":"2024-11-18T14:33:08","slug":"le-comite","status":"publish","type":"page","link":"https:\/\/www.uscolorado.ch\/colo\/accueil\/le-club\/le-comite\/","title":{"rendered":"Le Comit\u00e9"},"content":{"rendered":"<table style=\"width: 600px;\" border=\"0\">\n<tbody>\n<tr>\n<td colspan=\"2\" align=\"center\">&nbsp;<\/td>\n<\/tr>\n<tr>\n<td><strong>Nom, pr\u00e9nom<\/strong><\/td>\n<td><strong>Fonction<\/strong><\/td>\n<\/tr>\n<tr>\n<td>&nbsp;<\/td>\n<td>&nbsp;<\/td>\n<\/tr>\n<tr>\n<td><a href=\"https:\/\/www.uscolorado.ch\/colo\/accueil\/le-club\/le-comite\/contact-president\/\">Aeschlimann Georges<\/a><\/td>\n<td><strong>Pr\u00e9sident<\/strong><\/td>\n<\/tr>\n<tr>\n<td><a href=\"https:\/\/www.uscolorado.ch\/colo\/staff\/alex\/\">Brito Alexandre<\/a><\/td>\n<td><strong>Vice-pr\u00e9sident<\/strong><\/td>\n<\/tr>\n<tr>\n<td>\n<p><a href=\"https:\/\/www.uscolorado.ch\/colo\/accueil\/le-club\/le-comite\/contact-le-caissier\/\">Gregory Giaimo<\/a><\/p>\n<\/td>\n<td><strong>Tr\u00e9sorier<\/strong><\/td>\n<\/tr>\n<tr>\n<td><a href=\"https:\/\/www.uscolorado.ch\/colo\/accueil\/le-club\/le-comite\/contact-manifestation\/\">Bragante Fabian<\/a><\/td>\n<td><strong>Manifestation<\/strong><\/td>\n<\/tr>\n<tr>\n<td><a href=\"https:\/\/www.uscolorado.ch\/colo\/accueil\/le-club\/le-comite\/contact-le-president-dhonneur\/\">Conde Jorge<\/a><\/td>\n<td><strong>Pr\u00e9sident d\u2019Honneur<\/strong><\/td>\n<\/tr>\n<tr>\n<td><a href=\"https:\/\/www.uscolorado.ch\/colo\/staff\/ludo\/\">Yohan Huet<\/a><\/td>\n<td><strong>Entraineur seniors 30+<\/strong><\/td>\n<\/tr>\n<tr>\n<td><a href=\"https:\/\/www.uscolorado.ch\/colo\/accueil\/le-club\/le-comite\/contact-de-lentraineur-des-seniors-40\/\">Brito Alex<\/a><\/td>\n<td><strong>Entraineur seniors 40+1<\/strong><\/td>\n<\/tr>\n<tr>\n<td><a href=\"https:\/\/www.uscolorado.ch\/colo\/staff\/edmond\/\">Basha Edmond<\/a>&nbsp;<\/td>\n<td><strong>Entraineur seniors 40+2<\/strong><\/td>\n<\/tr>\n<\/tbody>\n<\/table>\n<p>&nbsp;<\/p>\n\n\n<p><\/p>\n","protected":false},"excerpt":{"rendered":"<p>&nbsp; Nom, pr\u00e9nom Fonction &nbsp; &nbsp; Aeschlimann Georges Pr\u00e9sident Brito Alexandre Vice-pr\u00e9sident Gregory Giaimo Tr\u00e9sorier Bragante Fabian Manifestation Conde Jorge Pr\u00e9sident d\u2019Honneur Yohan Huet Entraineur seniors 30+ Brito Alex Entraineur seniors 40+1 Basha Edmond&nbsp; Entraineur seniors 40+2 &nbsp;<\/p>\n","protected":false},"author":6,"featured_media":0,"parent":5,"menu_order":1,"comment_status":"closed","ping_status":"open","template":"","meta":{"ngg_post_thumbnail":0,"footnotes":""},"class_list":["post-66","page","type-page","status-publish","hentry"],"_links":{"self":[{"href":"https:\/\/www.uscolorado.ch\/colo\/wp-json\/wp\/v2\/pages\/66","targetHints":{"allow":["GET"]}}],"collection":[{"href":"https:\/\/www.uscolorado.ch\/colo\/wp-json\/wp\/v2\/pages"}],"about":[{"href":"https:\/\/www.uscolorado.ch\/colo\/wp-json\/wp\/v2\/types\/page"}],"author":[{"embeddable":true,"href":"https:\/\/www.uscolorado.ch\/colo\/wp-json\/wp\/v2\/users\/6"}],"replies":[{"embeddable":true,"href":"https:\/\/www.uscolorado.ch\/colo\/wp-json\/wp\/v2\/comments?post=66"}],"version-history":[{"count":29,"href":"https:\/\/www.uscolorado.ch\/colo\/wp-json\/wp\/v2\/pages\/66\/revisions"}],"predecessor-version":[{"id":4287,"href":"https:\/\/www.uscolorado.ch\/colo\/wp-json\/wp\/v2\/pages\/66\/revisions\/4287"}],"up":[{"embeddable":true,"href":"https:\/\/www.uscolorado.ch\/colo\/wp-json\/wp\/v2\/pages\/5"}],"wp:attachment":[{"href":"https:\/\/www.uscolorado.ch\/colo\/wp-json\/wp\/v2\/media?parent=66"}],"curies":[{"name":"wp","href":"https:\/\/api.w.org\/{rel}","templated":true}]}}