{"id":5,"date":"2012-08-26T22:03:35","date_gmt":"2012-08-26T21:03:35","guid":{"rendered":"http:\/\/www.zigitup.com\/dev\/colo\/?page_id=5"},"modified":"2024-07-02T02:20:40","modified_gmt":"2024-07-02T00:20:40","slug":"le-club","status":"publish","type":"page","link":"https:\/\/www.uscolorado.ch\/colo\/accueil\/le-club\/","title":{"rendered":"Historique"},"content":{"rendered":"<p><a href=\"https:\/\/www.uscolorado.ch\/colo\/wp-content\/uploads\/ecu2.jpg\"><img loading=\"lazy\" decoding=\"async\" class=\"alignnone wp-image-543\" src=\"https:\/\/www.uscolorado.ch\/colo\/wp-content\/uploads\/ecu2-290x300.jpg\" alt=\"ecu2\" width=\"125\" height=\"140\"><\/a> <a href=\"https:\/\/www.uscolorado.ch\/colo\/wp-content\/uploads\/ecu1.jpg\"><img loading=\"lazy\" decoding=\"async\" class=\"alignnone wp-image-544\" src=\"https:\/\/www.uscolorado.ch\/colo\/wp-content\/uploads\/ecu1-300x296.jpg\" alt=\"ecu1\" width=\"151\" height=\"140\"><\/a><a href=\"https:\/\/www.uscolorado.ch\/colo\/wp-content\/uploads\/Scan0001.jpg\"><img loading=\"lazy\" decoding=\"async\" class=\"alignnone wp-image-778\" src=\"https:\/\/www.uscolorado.ch\/colo\/wp-content\/uploads\/Scan0001.jpg\" alt=\"Scan0001\" width=\"149\" height=\"134\" srcset=\"https:\/\/www.uscolorado.ch\/colo\/wp-content\/uploads\/Scan0001.jpg 640w, https:\/\/www.uscolorado.ch\/colo\/wp-content\/uploads\/Scan0001-300x269.jpg 300w\" sizes=\"auto, (max-width: 149px) 100vw, 149px\" \/><\/a><\/p>\n<p>L\u2019UNION SPORTIVE COLORADO a \u00e9t\u00e9 fond\u00e9e en 1969 par la famille Grandchamp, dans le Salon de Jeux &nbsp;\u00ab Colorado \u00bb situ\u00e9e aux Eaux-Vives, d\u2019o\u00f9 son nom&#8230;<\/p>\n<p>Pendant les premi\u00e8res ann\u00e9es, le Club a disput\u00e9 le championnat SATUS, et ira jusqu&rsquo;en finale du Championnat Suisse lors de la saison 1980-1981.<\/p>\n<p>En 1990, avec la collaboration du comit\u00e9 de la f\u00e9d\u00e9ration SATUS, l\u2019US COLORADO adh\u00e8re \u00e0 l\u2019Association Cantonale Genevoise de Football (ACGF), ainsi qu\u2019\u00e0 l\u2019Association Suisse de Football (ASF).<\/p>\n<p>Plut\u00f4t form\u00e9e de joueurs espagnols et latins \u00e0 l&rsquo;origine, depuis le d\u00e9but du mill\u00e9naire<!--more--> l\u2019US COLORADO essaie de m\u00e9langer un maximum de nationalit\u00e9s.<\/p>\n<p>En perp\u00e9tuant sa devise statutaire \u00ab Amiti\u00e9, Fraternit\u00e9, Pers\u00e9v\u00e9rance \u00bb, notre Union Sportive tente donc d&rsquo;\u00eatre la plus \u00ab\u00a0COLOr\u00e9e\u00a0\u00bb possible, en comptant dans ses rangs des joueurs venant des quatre coins du monde !<\/p>\n<p>Nous avons actuellement des membres venant de Suisse, Espagne, Portugal, France, Italie, Angleterre, Chili, Br\u00e9sil, Colombie, P\u00e9rou, Mali, Albanie, S\u00e9n\u00e9gal, Equateur ou encore Burundi ! Et nous avons c\u00f4toy\u00e9 dans un pass\u00e9 r\u00e9cent de membres originaires d&rsquo;Hollande, Uruguay, Alg\u00e9rie, Maroc, Egypte, Soudan, Guin\u00e9e, Japon, Congo, Allemagne, Turquie, Bulgarie et Bolivie ! Et nous ne comptons pas les nombreuses doubles nationalit\u00e9s !<\/p>\n<p>Actuellement, trois&nbsp;\u00e9quipes repr\u00e9sentent les couleurs rouges et blanches du club : Une \u00e9quipe de&nbsp;seniors 30+ et deux \u00e9quipes de&nbsp;seniors 40+<\/p>\n<p>N&rsquo;oublions pas \u00e9galement de pr\u00e9ciser que la pratique du Joga Bonito et de la 3\u00e8me mi-temps fait \u00e9galement partie des traditions coloradiennes !<\/p>\n<p>Vous l&rsquo;aurez compris, l&rsquo;US COLORADO est un club convivial, o\u00f9 ses membres cherchent avant tout \u00e0 passer de bons moments entre amis.<\/p>\n<p>Et si l&rsquo;envie de produire du beau jeu et de gagner les matches est \u00e9videment toujours bien pr\u00e9sente, la bonne ambiance, le fair-play et l&rsquo;amiti\u00e9 passent avant tout !<\/p>\n<p><span style=\"font-size: 12pt; line-height: 19px;\">Rejoignez-nous les weekend pour supporter ces athl\u00e8tes !<\/span><\/p>\n<p>ALLEZ COLOOOOOOOOOOOOOOOOOOO !!!<\/p>\n<p><a href=\"https:\/\/www.uscolorado.ch\/colo\/wp-content\/uploads\/STATUTS-US-COLORADO.pdf\">STATUTS US COLORADO<\/a><\/p>\n\n\n<p><\/p>\n","protected":false},"excerpt":{"rendered":"<p>L\u2019UNION SPORTIVE COLORADO a \u00e9t\u00e9 fond\u00e9e en 1969 par la famille Grandchamp, dans le Salon de Jeux &nbsp;\u00ab Colorado \u00bb situ\u00e9e aux Eaux-Vives, d\u2019o\u00f9 son nom&#8230; Pendant les premi\u00e8res ann\u00e9es, le Club a disput\u00e9 le championnat SATUS, et ira jusqu&rsquo;en finale du Championnat Suisse lors de la saison 1980-1981. En 1990, avec la collaboration du [&hellip;]<\/p>\n","protected":false},"author":6,"featured_media":0,"parent":34,"menu_order":0,"comment_status":"closed","ping_status":"open","template":"","meta":{"ngg_post_thumbnail":0,"footnotes":""},"class_list":["post-5","page","type-page","status-publish","hentry"],"_links":{"self":[{"href":"https:\/\/www.uscolorado.ch\/colo\/wp-json\/wp\/v2\/pages\/5","targetHints":{"allow":["GET"]}}],"collection":[{"href":"https:\/\/www.uscolorado.ch\/colo\/wp-json\/wp\/v2\/pages"}],"about":[{"href":"https:\/\/www.uscolorado.ch\/colo\/wp-json\/wp\/v2\/types\/page"}],"author":[{"embeddable":true,"href":"https:\/\/www.uscolorado.ch\/colo\/wp-json\/wp\/v2\/users\/6"}],"replies":[{"embeddable":true,"href":"https:\/\/www.uscolorado.ch\/colo\/wp-json\/wp\/v2\/comments?post=5"}],"version-history":[{"count":43,"href":"https:\/\/www.uscolorado.ch\/colo\/wp-json\/wp\/v2\/pages\/5\/revisions"}],"predecessor-version":[{"id":4257,"href":"https:\/\/www.uscolorado.ch\/colo\/wp-json\/wp\/v2\/pages\/5\/revisions\/4257"}],"up":[{"embeddable":true,"href":"https:\/\/www.uscolorado.ch\/colo\/wp-json\/wp\/v2\/pages\/34"}],"wp:attachment":[{"href":"https:\/\/www.uscolorado.ch\/colo\/wp-json\/wp\/v2\/media?parent=5"}],"curies":[{"name":"wp","href":"https:\/\/api.w.org\/{rel}","templated":true}]}}