{"id":34,"date":"2012-08-27T17:50:03","date_gmt":"2012-08-27T16:50:03","guid":{"rendered":"http:\/\/www.zigitup.com\/dev\/colo\/?page_id=34"},"modified":"2025-08-28T11:16:24","modified_gmt":"2025-08-28T09:16:24","slug":"accueil","status":"publish","type":"page","link":"https:\/\/www.uscolorado.ch\/colo\/","title":{"rendered":"Home"},"content":{"rendered":"\n<h3 class=\"wp-block-heading\">Bienvenue sur le site de l&rsquo;Union Sportive COLORADO !<\/h3>\n\n\n\n<h4 class=\"wp-block-heading\">Derniers articles<\/h4>\n\n\n\n<ul class=\"wp-block-list\"><\/ul>\n\n\n\n<p>&nbsp;<\/p>\n\n\n\n<p>&nbsp;<\/p>\n\n\n<ul class=\"wp-block-latest-posts__list wp-block-latest-posts\"><li><a class=\"wp-block-latest-posts__post-title\" href=\"https:\/\/www.uscolorado.ch\/colo\/nouveau-record-22-nationalites-au-colo\/\">Nouveau record : 22 nationalit\u00e9s au COLO !<\/a><\/li>\n<li><a class=\"wp-block-latest-posts__post-title\" href=\"https:\/\/www.uscolorado.ch\/colo\/la-perle-immobilier-soutient-le-colo\/\">LA PERLE IMMOBILIER soutient le Colo!<\/a><\/li>\n<li><a class=\"wp-block-latest-posts__post-title\" href=\"https:\/\/www.uscolorado.ch\/colo\/17-nationalites-representees-cette-saison\/\">17 nationalit\u00e9s repr\u00e9sent\u00e9es cette saison !<\/a><\/li>\n<li><a class=\"wp-block-latest-posts__post-title\" href=\"https:\/\/www.uscolorado.ch\/colo\/14-nationalites-pour-la-saison-du-50eme\/\">14 nationalit\u00e9s pour la saison du 50\u00e8me !<\/a><\/li>\n<li><a class=\"wp-block-latest-posts__post-title\" href=\"https:\/\/www.uscolorado.ch\/colo\/enfin\/\">ENFIN !<\/a><\/li>\n<\/ul>","protected":false},"excerpt":{"rendered":"<p>Bienvenue sur le site de l&rsquo;Union Sportive COLORADO ! Derniers articles &nbsp; &nbsp;<\/p>\n","protected":false},"author":1,"featured_media":0,"parent":0,"menu_order":0,"comment_status":"open","ping_status":"open","template":"","meta":{"ngg_post_thumbnail":0,"footnotes":""},"class_list":["post-34","page","type-page","status-publish","hentry"],"_links":{"self":[{"href":"https:\/\/www.uscolorado.ch\/colo\/wp-json\/wp\/v2\/pages\/34","targetHints":{"allow":["GET"]}}],"collection":[{"href":"https:\/\/www.uscolorado.ch\/colo\/wp-json\/wp\/v2\/pages"}],"about":[{"href":"https:\/\/www.uscolorado.ch\/colo\/wp-json\/wp\/v2\/types\/page"}],"author":[{"embeddable":true,"href":"https:\/\/www.uscolorado.ch\/colo\/wp-json\/wp\/v2\/users\/1"}],"replies":[{"embeddable":true,"href":"https:\/\/www.uscolorado.ch\/colo\/wp-json\/wp\/v2\/comments?post=34"}],"version-history":[{"count":26,"href":"https:\/\/www.uscolorado.ch\/colo\/wp-json\/wp\/v2\/pages\/34\/revisions"}],"predecessor-version":[{"id":4548,"href":"https:\/\/www.uscolorado.ch\/colo\/wp-json\/wp\/v2\/pages\/34\/revisions\/4548"}],"wp:attachment":[{"href":"https:\/\/www.uscolorado.ch\/colo\/wp-json\/wp\/v2\/media?parent=34"}],"curies":[{"name":"wp","href":"https:\/\/api.w.org\/{rel}","templated":true}]}}